{"id":4430,"date":"2021-11-07T17:01:14","date_gmt":"2021-11-07T16:01:14","guid":{"rendered":"https:\/\/ateliervania.comma3.com\/?post_type=product&#038;p=4430"},"modified":"2023-05-08T15:36:19","modified_gmt":"2023-05-08T13:36:19","slug":"kimberlite","status":"publish","type":"product","link":"https:\/\/ateliervania.com\/it\/shop\/mule\/kimberlite\/","title":{"rendered":"Kimberlite"},"content":{"rendered":"<p>Tomaia: CAMOSCIO<br \/>\nSoletto interno: PELLE<br \/>\nSuola: CUOIO<br \/>\nAltezza tacco: 6 cm<br \/>\n100% Prodotta in Italia<\/p>\n","protected":false},"excerpt":{"rendered":"<p>Con una tonalit\u00e0 di marrone chiaro, nero e oro satinato, questo stile \u00e8 sia sofisticato che pratico. Il morbido nodo in camoscio nero rende sensuale la punta del piede, mentre la morbida striscia in pelle garantisce la comodit\u00e0 di questo sandalo. La stabilit\u00e0 di questa scarpa \u00e8 assicurata da un elegante tacco a clessidra.<\/p>\n","protected":false},"featured_media":5489,"template":"","meta":{"site-sidebar-layout":"default","site-content-layout":"default","ast-site-content-layout":"default","site-content-style":"default","site-sidebar-style":"default","ast-global-header-display":"","ast-banner-title-visibility":"","ast-main-header-display":"","ast-hfb-above-header-display":"","ast-hfb-below-header-display":"","ast-hfb-mobile-header-display":"","site-post-title":"","ast-breadcrumbs-content":"","ast-featured-img":"","footer-sml-layout":"","ast-disable-related-posts":"","theme-transparent-header-meta":"default","adv-header-id-meta":"","stick-header-meta":"","header-above-stick-meta":"","header-main-stick-meta":"","header-below-stick-meta":"","astra-migrate-meta-layouts":"default","ast-page-background-enabled":"default","ast-page-background-meta":{"desktop":{"background-color":"","background-image":"","background-repeat":"repeat","background-position":"center center","background-size":"auto","background-attachment":"scroll","background-type":"","background-media":"","overlay-type":"","overlay-color":"","overlay-opacity":"","overlay-gradient":""},"tablet":{"background-color":"","background-image":"","background-repeat":"repeat","background-position":"center center","background-size":"auto","background-attachment":"scroll","background-type":"","background-media":"","overlay-type":"","overlay-color":"","overlay-opacity":"","overlay-gradient":""},"mobile":{"background-color":"","background-image":"","background-repeat":"repeat","background-position":"center center","background-size":"auto","background-attachment":"scroll","background-type":"","background-media":"","overlay-type":"","overlay-color":"","overlay-opacity":"","overlay-gradient":""}},"ast-content-background-meta":{"desktop":{"background-color":"var(--ast-global-color-5)","background-image":"","background-repeat":"repeat","background-position":"center center","background-size":"auto","background-attachment":"scroll","background-type":"","background-media":"","overlay-type":"","overlay-color":"","overlay-opacity":"","overlay-gradient":""},"tablet":{"background-color":"var(--ast-global-color-5)","background-image":"","background-repeat":"repeat","background-position":"center center","background-size":"auto","background-attachment":"scroll","background-type":"","background-media":"","overlay-type":"","overlay-color":"","overlay-opacity":"","overlay-gradient":""},"mobile":{"background-color":"var(--ast-global-color-5)","background-image":"","background-repeat":"repeat","background-position":"center center","background-size":"auto","background-attachment":"scroll","background-type":"","background-media":"","overlay-type":"","overlay-color":"","overlay-opacity":"","overlay-gradient":""}}},"product_brand":[],"product_cat":[53],"product_tag":[],"class_list":{"0":"post-4430","1":"product","2":"type-product","3":"status-publish","4":"has-post-thumbnail","6":"product_cat-mule","7":"desktop-align-left","8":"tablet-align-left","9":"mobile-align-left","11":"first","12":"instock","13":"sale","14":"taxable","15":"shipping-taxable","16":"purchasable","17":"product-type-variable"},"yoast_head":"<!-- This site is optimized with the Yoast SEO plugin v27.4 - https:\/\/yoast.com\/product\/yoast-seo-wordpress\/ -->\n<title>Kimberlite | Atelier Vania - Scarpe da Donna Grandi Numeri<\/title>\n<meta name=\"robots\" content=\"index, follow, max-snippet:-1, max-image-preview:large, max-video-preview:-1\" \/>\n<link rel=\"canonical\" href=\"https:\/\/ateliervania.com\/it\/shop\/mule\/kimberlite\/\" \/>\n<meta property=\"og:locale\" content=\"it_IT\" \/>\n<meta property=\"og:type\" content=\"article\" \/>\n<meta property=\"og:title\" content=\"Kimberlite | Atelier Vania - Scarpe da Donna Grandi Numeri\" \/>\n<meta property=\"og:description\" content=\"Con una tonalit\u00e0 di marrone chiaro, nero e oro satinato, questo stile \u00e8 sia sofisticato che pratico. Il morbido nodo in camoscio nero rende sensuale la punta del piede, mentre la morbida striscia in pelle garantisce la comodit\u00e0 di questo sandalo. La stabilit\u00e0 di questa scarpa \u00e8 assicurata da un elegante tacco a clessidra.\" \/>\n<meta property=\"og:url\" content=\"https:\/\/ateliervania.com\/it\/shop\/mule\/kimberlite\/\" \/>\n<meta property=\"og:site_name\" content=\"Atelier Vania - Scarpe da Donna Grandi Numeri\" \/>\n<meta property=\"article:publisher\" content=\"https:\/\/www.facebook.com\/Atelier-Vania-110364251151579\" \/>\n<meta property=\"article:modified_time\" content=\"2023-05-08T13:36:19+00:00\" \/>\n<meta property=\"og:image\" content=\"https:\/\/ateliervania.com\/wp-content\/uploads\/2021\/11\/ATELIERVANIA_KIMBERLITE_02-scaled.jpg\" \/>\n\t<meta property=\"og:image:width\" content=\"1920\" \/>\n\t<meta property=\"og:image:height\" content=\"2560\" \/>\n\t<meta property=\"og:image:type\" content=\"image\/jpeg\" \/>\n<meta name=\"twitter:card\" content=\"summary_large_image\" \/>\n<meta name=\"twitter:label1\" content=\"Tempo di lettura stimato\" \/>\n\t<meta name=\"twitter:data1\" content=\"1 minuto\" \/>\n<script type=\"application\/ld+json\" class=\"yoast-schema-graph\">{\"@context\":\"https:\\\/\\\/schema.org\",\"@graph\":[{\"@type\":\"WebPage\",\"@id\":\"https:\\\/\\\/ateliervania.com\\\/it\\\/shop\\\/mule\\\/kimberlite\\\/\",\"url\":\"https:\\\/\\\/ateliervania.com\\\/it\\\/shop\\\/mule\\\/kimberlite\\\/\",\"name\":\"Kimberlite | Atelier Vania - Scarpe da Donna Grandi Numeri\",\"isPartOf\":{\"@id\":\"https:\\\/\\\/ateliervania.com\\\/#website\"},\"primaryImageOfPage\":{\"@id\":\"https:\\\/\\\/ateliervania.com\\\/it\\\/shop\\\/mule\\\/kimberlite\\\/#primaryimage\"},\"image\":{\"@id\":\"https:\\\/\\\/ateliervania.com\\\/it\\\/shop\\\/mule\\\/kimberlite\\\/#primaryimage\"},\"thumbnailUrl\":\"https:\\\/\\\/ateliervania.com\\\/wp-content\\\/uploads\\\/2021\\\/11\\\/ATELIERVANIA_KIMBERLITE_02-scaled.jpg\",\"datePublished\":\"2021-11-07T16:01:14+00:00\",\"dateModified\":\"2023-05-08T13:36:19+00:00\",\"breadcrumb\":{\"@id\":\"https:\\\/\\\/ateliervania.com\\\/it\\\/shop\\\/mule\\\/kimberlite\\\/#breadcrumb\"},\"inLanguage\":\"it-IT\",\"potentialAction\":[{\"@type\":\"ReadAction\",\"target\":[\"https:\\\/\\\/ateliervania.com\\\/it\\\/shop\\\/mule\\\/kimberlite\\\/\"]}]},{\"@type\":\"ImageObject\",\"inLanguage\":\"it-IT\",\"@id\":\"https:\\\/\\\/ateliervania.com\\\/it\\\/shop\\\/mule\\\/kimberlite\\\/#primaryimage\",\"url\":\"https:\\\/\\\/ateliervania.com\\\/wp-content\\\/uploads\\\/2021\\\/11\\\/ATELIERVANIA_KIMBERLITE_02-scaled.jpg\",\"contentUrl\":\"https:\\\/\\\/ateliervania.com\\\/wp-content\\\/uploads\\\/2021\\\/11\\\/ATELIERVANIA_KIMBERLITE_02-scaled.jpg\",\"width\":1920,\"height\":2560},{\"@type\":\"BreadcrumbList\",\"@id\":\"https:\\\/\\\/ateliervania.com\\\/it\\\/shop\\\/mule\\\/kimberlite\\\/#breadcrumb\",\"itemListElement\":[{\"@type\":\"ListItem\",\"position\":1,\"name\":\"Home\",\"item\":\"https:\\\/\\\/ateliervania.com\\\/it\\\/\"},{\"@type\":\"ListItem\",\"position\":2,\"name\":\"Shop\",\"item\":\"https:\\\/\\\/ateliervania.com\\\/it\\\/shop\\\/\"},{\"@type\":\"ListItem\",\"position\":3,\"name\":\"Mule\",\"item\":\"https:\\\/\\\/ateliervania.com\\\/categoria-prodotto\\\/mule\\\/\"},{\"@type\":\"ListItem\",\"position\":4,\"name\":\"Kimberlite\"}]},{\"@type\":\"WebSite\",\"@id\":\"https:\\\/\\\/ateliervania.com\\\/#website\",\"url\":\"https:\\\/\\\/ateliervania.com\\\/\",\"name\":\"Atelier Vania - Scarpe da Donna Grandi Numeri\",\"description\":\"Calzature eleganti da Donna in numeri grandi. Scarpe dal n. 40 al n. 46. Registrati alla newsletter e ricevi il 10% di sconto sul tuo acquisto\",\"publisher\":{\"@id\":\"https:\\\/\\\/ateliervania.com\\\/#organization\"},\"potentialAction\":[{\"@type\":\"SearchAction\",\"target\":{\"@type\":\"EntryPoint\",\"urlTemplate\":\"https:\\\/\\\/ateliervania.com\\\/?s={search_term_string}\"},\"query-input\":{\"@type\":\"PropertyValueSpecification\",\"valueRequired\":true,\"valueName\":\"search_term_string\"}}],\"inLanguage\":\"it-IT\"},{\"@type\":\"Organization\",\"@id\":\"https:\\\/\\\/ateliervania.com\\\/#organization\",\"name\":\"Atelier Vania\",\"url\":\"https:\\\/\\\/ateliervania.com\\\/\",\"logo\":{\"@type\":\"ImageObject\",\"inLanguage\":\"it-IT\",\"@id\":\"https:\\\/\\\/ateliervania.com\\\/#\\\/schema\\\/logo\\\/image\\\/\",\"url\":\"https:\\\/\\\/ateliervania.com\\\/wp-content\\\/uploads\\\/2021\\\/11\\\/logo.png\",\"contentUrl\":\"https:\\\/\\\/ateliervania.com\\\/wp-content\\\/uploads\\\/2021\\\/11\\\/logo.png\",\"width\":1779,\"height\":267,\"caption\":\"Atelier Vania\"},\"image\":{\"@id\":\"https:\\\/\\\/ateliervania.com\\\/#\\\/schema\\\/logo\\\/image\\\/\"},\"sameAs\":[\"https:\\\/\\\/www.facebook.com\\\/Atelier-Vania-110364251151579\",\"https:\\\/\\\/www.instagram.com\\\/ateliervania\\\/\"]}]}<\/script>\n<!-- \/ Yoast SEO plugin. -->","yoast_head_json":{"title":"Kimberlite | Atelier Vania - Scarpe da Donna Grandi Numeri","robots":{"index":"index","follow":"follow","max-snippet":"max-snippet:-1","max-image-preview":"max-image-preview:large","max-video-preview":"max-video-preview:-1"},"canonical":"https:\/\/ateliervania.com\/it\/shop\/mule\/kimberlite\/","og_locale":"it_IT","og_type":"article","og_title":"Kimberlite | Atelier Vania - Scarpe da Donna Grandi Numeri","og_description":"Con una tonalit\u00e0 di marrone chiaro, nero e oro satinato, questo stile \u00e8 sia sofisticato che pratico. Il morbido nodo in camoscio nero rende sensuale la punta del piede, mentre la morbida striscia in pelle garantisce la comodit\u00e0 di questo sandalo. La stabilit\u00e0 di questa scarpa \u00e8 assicurata da un elegante tacco a clessidra.","og_url":"https:\/\/ateliervania.com\/it\/shop\/mule\/kimberlite\/","og_site_name":"Atelier Vania - Scarpe da Donna Grandi Numeri","article_publisher":"https:\/\/www.facebook.com\/Atelier-Vania-110364251151579","article_modified_time":"2023-05-08T13:36:19+00:00","og_image":[{"width":1920,"height":2560,"url":"https:\/\/ateliervania.com\/wp-content\/uploads\/2021\/11\/ATELIERVANIA_KIMBERLITE_02-scaled.jpg","type":"image\/jpeg"}],"twitter_card":"summary_large_image","twitter_misc":{"Tempo di lettura stimato":"1 minuto"},"schema":{"@context":"https:\/\/schema.org","@graph":[{"@type":"WebPage","@id":"https:\/\/ateliervania.com\/it\/shop\/mule\/kimberlite\/","url":"https:\/\/ateliervania.com\/it\/shop\/mule\/kimberlite\/","name":"Kimberlite | Atelier Vania - Scarpe da Donna Grandi Numeri","isPartOf":{"@id":"https:\/\/ateliervania.com\/#website"},"primaryImageOfPage":{"@id":"https:\/\/ateliervania.com\/it\/shop\/mule\/kimberlite\/#primaryimage"},"image":{"@id":"https:\/\/ateliervania.com\/it\/shop\/mule\/kimberlite\/#primaryimage"},"thumbnailUrl":"https:\/\/ateliervania.com\/wp-content\/uploads\/2021\/11\/ATELIERVANIA_KIMBERLITE_02-scaled.jpg","datePublished":"2021-11-07T16:01:14+00:00","dateModified":"2023-05-08T13:36:19+00:00","breadcrumb":{"@id":"https:\/\/ateliervania.com\/it\/shop\/mule\/kimberlite\/#breadcrumb"},"inLanguage":"it-IT","potentialAction":[{"@type":"ReadAction","target":["https:\/\/ateliervania.com\/it\/shop\/mule\/kimberlite\/"]}]},{"@type":"ImageObject","inLanguage":"it-IT","@id":"https:\/\/ateliervania.com\/it\/shop\/mule\/kimberlite\/#primaryimage","url":"https:\/\/ateliervania.com\/wp-content\/uploads\/2021\/11\/ATELIERVANIA_KIMBERLITE_02-scaled.jpg","contentUrl":"https:\/\/ateliervania.com\/wp-content\/uploads\/2021\/11\/ATELIERVANIA_KIMBERLITE_02-scaled.jpg","width":1920,"height":2560},{"@type":"BreadcrumbList","@id":"https:\/\/ateliervania.com\/it\/shop\/mule\/kimberlite\/#breadcrumb","itemListElement":[{"@type":"ListItem","position":1,"name":"Home","item":"https:\/\/ateliervania.com\/it\/"},{"@type":"ListItem","position":2,"name":"Shop","item":"https:\/\/ateliervania.com\/it\/shop\/"},{"@type":"ListItem","position":3,"name":"Mule","item":"https:\/\/ateliervania.com\/categoria-prodotto\/mule\/"},{"@type":"ListItem","position":4,"name":"Kimberlite"}]},{"@type":"WebSite","@id":"https:\/\/ateliervania.com\/#website","url":"https:\/\/ateliervania.com\/","name":"Atelier Vania - Scarpe da Donna Grandi Numeri","description":"Calzature eleganti da Donna in numeri grandi. Scarpe dal n. 40 al n. 46. Registrati alla newsletter e ricevi il 10% di sconto sul tuo acquisto","publisher":{"@id":"https:\/\/ateliervania.com\/#organization"},"potentialAction":[{"@type":"SearchAction","target":{"@type":"EntryPoint","urlTemplate":"https:\/\/ateliervania.com\/?s={search_term_string}"},"query-input":{"@type":"PropertyValueSpecification","valueRequired":true,"valueName":"search_term_string"}}],"inLanguage":"it-IT"},{"@type":"Organization","@id":"https:\/\/ateliervania.com\/#organization","name":"Atelier Vania","url":"https:\/\/ateliervania.com\/","logo":{"@type":"ImageObject","inLanguage":"it-IT","@id":"https:\/\/ateliervania.com\/#\/schema\/logo\/image\/","url":"https:\/\/ateliervania.com\/wp-content\/uploads\/2021\/11\/logo.png","contentUrl":"https:\/\/ateliervania.com\/wp-content\/uploads\/2021\/11\/logo.png","width":1779,"height":267,"caption":"Atelier Vania"},"image":{"@id":"https:\/\/ateliervania.com\/#\/schema\/logo\/image\/"},"sameAs":["https:\/\/www.facebook.com\/Atelier-Vania-110364251151579","https:\/\/www.instagram.com\/ateliervania\/"]}]}},"_links":{"self":[{"href":"https:\/\/ateliervania.com\/it\/wp-json\/wp\/v2\/product\/4430","targetHints":{"allow":["GET"]}}],"collection":[{"href":"https:\/\/ateliervania.com\/it\/wp-json\/wp\/v2\/product"}],"about":[{"href":"https:\/\/ateliervania.com\/it\/wp-json\/wp\/v2\/types\/product"}],"wp:featuredmedia":[{"embeddable":true,"href":"https:\/\/ateliervania.com\/it\/wp-json\/wp\/v2\/media\/5489"}],"wp:attachment":[{"href":"https:\/\/ateliervania.com\/it\/wp-json\/wp\/v2\/media?parent=4430"}],"wp:term":[{"taxonomy":"product_brand","embeddable":true,"href":"https:\/\/ateliervania.com\/it\/wp-json\/wp\/v2\/product_brand?post=4430"},{"taxonomy":"product_cat","embeddable":true,"href":"https:\/\/ateliervania.com\/it\/wp-json\/wp\/v2\/product_cat?post=4430"},{"taxonomy":"product_tag","embeddable":true,"href":"https:\/\/ateliervania.com\/it\/wp-json\/wp\/v2\/product_tag?post=4430"}],"curies":[{"name":"wp","href":"https:\/\/api.w.org\/{rel}","templated":true}]}}